{"id":2219,"date":"2019-02-05T13:49:28","date_gmt":"2019-02-05T13:49:28","guid":{"rendered":"http:\/\/www.aspel.ma\/nos-services\/installations-electriques-mtbt\/"},"modified":"2019-04-22T11:02:49","modified_gmt":"2019-04-22T11:02:49","slug":"installations-electriques-mtbt","status":"publish","type":"page","link":"https:\/\/www.aspel.ma\/es\/nos-services\/installations-electriques-mtbt\/","title":{"rendered":"Installaciones Electricas"},"content":{"rendered":"<p>[vc_row][vc_column][vc_column_text]Con su equipo joven y din\u00e1mico y una experiencia considerable, ASPEL ofrece logros llave en mano o parciales de las instalaciones el\u00e9ctricas de MT \/ BT de acuerdo con las reglas del arte, respetando los est\u00e1ndares nacionales y \/ o internacionales y con una calidad irreprochable.<\/p>\n<p>Tambi\u00e9n ofrecemos cualquier tipo de instalaci\u00f3n de baja corriente, a saber, redes informaticas y tel\u00e9fonicas, detecci\u00f3n de incendios, alarma contra robos y sistema anti intrusi\u00f3n, televisi\u00f3n por cable, videocamars y domotica.<\/p>\n<p>Operamos en unidades industriales de todo tipo, as\u00ed como en edificios terciarios como hoteles, cl\u00ednicas, complejos deportivos, urbanizaciones e infraestructuras.[\/vc_column_text]<style type=\"text\/css\" data-type=\"the7_shortcodes-inline-css\">.photos-carousel-shortcode-id-0e17d4a7fe156393cf5943c193b7900a .owl-nav a {\n  width: 0px;\n  height: 0px;\n  border-radius: 0px;\n}\n.dt-arrow-border-on.photos-carousel-shortcode-id-0e17d4a7fe156393cf5943c193b7900a .owl-nav a:not(:hover):before {\n  border-width: 0px;\n}\n.dt-arrow-hover-border-on.photos-carousel-shortcode-id-0e17d4a7fe156393cf5943c193b7900a .owl-nav a:hover:after {\n  border-width: 0px;\n}\n.photos-carousel-shortcode-id-0e17d4a7fe156393cf5943c193b7900a .owl-nav a.owl-prev {\n  top: 50%;\n  transform: translateY(calc(-50% + 0px));\n  left: 20px;\n}\n@media all and (-ms-high-contrast: none) {\n  .photos-carousel-shortcode-id-0e17d4a7fe156393cf5943c193b7900a .owl-nav a.owl-prev {\n    transform: translateY(-50%);\n    margin-top: 0px;\n  }\n}\n.photos-carousel-shortcode-id-0e17d4a7fe156393cf5943c193b7900a .owl-nav a.owl-prev i {\n  padding: 0px 0px 0px 0px;\n}\n.photos-carousel-shortcode-id-0e17d4a7fe156393cf5943c193b7900a .owl-nav a.owl-next {\n  top: 50%;\n  transform: translateY(calc(-50% + 0px));\n  right: 20px;\n}\n@media all and (-ms-high-contrast: none) {\n  .photos-carousel-shortcode-id-0e17d4a7fe156393cf5943c193b7900a .owl-nav a.owl-next {\n    transform: translateY(-50%);\n    margin-top: 0px;\n  }\n}\n.photos-carousel-shortcode-id-0e17d4a7fe156393cf5943c193b7900a .owl-nav a.owl-next i {\n  padding: 0px 0px 0px 0px;\n}\n.photos-carousel-shortcode-id-0e17d4a7fe156393cf5943c193b7900a .owl-nav i {\n  font-size: 35px;\n}\n.photos-carousel-shortcode-id-0e17d4a7fe156393cf5943c193b7900a .owl-nav a:not(:hover) i,\n.photos-carousel-shortcode-id-0e17d4a7fe156393cf5943c193b7900a .owl-nav a:not(:hover) i:before {\n  color: #ed2024;\n  background: none;\n}\n.photos-carousel-shortcode-id-0e17d4a7fe156393cf5943c193b7900a .owl-nav a:hover i,\n.photos-carousel-shortcode-id-0e17d4a7fe156393cf5943c193b7900a .owl-nav a:hover i:before {\n  color: rgba(224,224,224,0.75);\n  background: none;\n}\n.photos-carousel-shortcode-id-0e17d4a7fe156393cf5943c193b7900a .owl-dots {\n  top: calc(100% + 20px);\n  left: 50%;\n  transform: translateX(calc(-50% + 0px));\n}\n@media all and (-ms-high-contrast: none) {\n  .photos-carousel-shortcode-id-0e17d4a7fe156393cf5943c193b7900a .owl-dots {\n    transform: translateX(-50%);\n    margin-left: 0px;\n  }\n}\n.photos-carousel-shortcode-id-0e17d4a7fe156393cf5943c193b7900a .owl-dot {\n  width: 10px;\n  height: 10px;\n  margin: 0 8px;\n}\n.bullets-ubax.photos-carousel-shortcode-id-0e17d4a7fe156393cf5943c193b7900a .owl-dot.active span {\n  border-color: ;\n}\n@media screen and (max-width: 778px) {\n  .photos-carousel-shortcode-id-0e17d4a7fe156393cf5943c193b7900a.hide-arrows .owl-nav a {\n    display: none;\n  }\n}\n@media screen and (max-width: 778px) {\n  .photos-carousel-shortcode-id-0e17d4a7fe156393cf5943c193b7900a.reposition-arrows .owl-nav .owl-prev {\n    top: 50%;\n    transform: translateY(calc(-50% + 0px));\n    left: 10px;\n  }\n  .photos-carousel-shortcode-id-0e17d4a7fe156393cf5943c193b7900a.reposition-arrows .owl-nav .owl-next {\n    top: 50%;\n    transform: translateY(calc(-50% + 0px));\n    right: 10px;\n  }\n}\n@media screen and (max-width: 778px) and all and (-ms-high-contrast: none) {\n  .photos-carousel-shortcode-id-0e17d4a7fe156393cf5943c193b7900a.reposition-arrows .owl-nav .owl-prev {\n    transform: translateY(-50%);\n    margin-top: 0px;\n  }\n}\n@media screen and (max-width: 778px) and all and (-ms-high-contrast: none) {\n  .photos-carousel-shortcode-id-0e17d4a7fe156393cf5943c193b7900a.reposition-arrows .owl-nav .owl-next {\n    transform: translateY(-50%);\n    margin-top: 0px;\n  }\n}\n.photos-carousel-shortcode-id-0e17d4a7fe156393cf5943c193b7900a figure,\n.photos-carousel-shortcode-id-0e17d4a7fe156393cf5943c193b7900a .rollover,\n.photos-carousel-shortcode-id-0e17d4a7fe156393cf5943c193b7900a img,\n.photos-carousel-shortcode-id-0e17d4a7fe156393cf5943c193b7900a .gallery-rollover {\n  border-radius: 0px;\n}\n.photos-carousel-shortcode-id-0e17d4a7fe156393cf5943c193b7900a.enable-bg-rollover .gallery-rollover {\n  background: ;\n  background: -webkit-linear-gradient();\n  background: linear-gradient();\n}\n.photos-carousel-shortcode-id-0e17d4a7fe156393cf5943c193b7900a.enable-bg-rollover.hover-scale .rollover:after {\n  background: ;\n  background: -webkit-linear-gradient();\n  background: linear-gradient();\n}\n.photos-carousel-shortcode-id-0e17d4a7fe156393cf5943c193b7900a.enable-img-shadow .rollover {\n  box-shadow: \"\";\n}\n.photos-carousel-shortcode-id-0e17d4a7fe156393cf5943c193b7900a.enable-img-shadow .owl-stage-outer {\n  padding: 4px 0;\n}\n.photos-carousel-shortcode-id-0e17d4a7fe156393cf5943c193b7900a.gallery-shortcode .gallery-zoom-ico {\n  width: 44px;\n  height: 44px;\n  line-height: 44px;\n  border-radius: 100px;\n  margin: -22px 0 0 -22px;\n  border-width: 0px;\n}\n.dt-icon-bg-on.photos-carousel-shortcode-id-0e17d4a7fe156393cf5943c193b7900a.gallery-shortcode .gallery-zoom-ico {\n  background: rgba(255,255,255,0.3);\n  -webkit-box-shadow: none;\n  box-shadow: none;\n}\n.photos-carousel-shortcode-id-0e17d4a7fe156393cf5943c193b7900a.gallery-shortcode .gallery-zoom-ico > span:before {\n  font-size: 32px;\n  line-height: 44px;\n}\n.photos-carousel-shortcode-id-0e17d4a7fe156393cf5943c193b7900a.gallery-shortcode .gallery-zoom-ico > span {\n  color: #ffffff;\n  background: none;\n}\n<\/style><div class=\"owl-carousel gallery-carousel-shortcode gallery-shortcode dt-gallery-container album-gallery-shortcode dt-owl-carousel-call photos-carousel-shortcode-id-0e17d4a7fe156393cf5943c193b7900a quick-scale-img enable-bg-rollover meta-info-off bullets-small-dot-stroke reposition-arrows dt-icon-bg-off arrows-bg-off dt-arrow-hover-border-on disable-arrows-hover-bg arrows-hover-bg-on  hover-fade \" data-scroll-mode=\"1\" data-col-num=\"1\" data-wide-col-num=\"1\" data-laptop-col=\"1\" data-h-tablet-columns-num=\"1\" data-v-tablet-columns-num=\"1\" data-phone-columns-num=\"1\" data-col-gap=\"0\" data-speed=\"2000\" data-autoplay=\"true\" data-autoplay_speed=\"4000\" data-arrows=\"true\" data-bullet=\"false\" data-next-icon=\"icon-ar-017-r\" data-prev-icon=\"icon-ar-017-l\" data-img-shadow-size=\"12px\" data-img-shadow-spread=\"3px\"><article class=\"post visible post-2665 attachment type-attachment status-inherit hentry\"><a href=\"https:\/\/www.aspel.ma\/wp-content\/uploads\/2019\/02\/1.jpg\" class=\"rollover-click-target rollover dt-pswp-item layzr-bg\" title=\"ONA\" data-dt-img-description=\"ONA\"  data-large_image_width=\"785\" data-large_image_height = \"528\" ><img class=\"preload-me owl-lazy-load\" src=\"data:image\/svg+xml,%3Csvg%20xmlns%3D&#39;http%3A%2F%2Fwww.w3.org%2F2000%2Fsvg&#39;%20viewBox%3D&#39;0%200%20785%20528&#39;%2F%3E\" data-src=\"https:\/\/www.aspel.ma\/wp-content\/uploads\/2019\/02\/1.jpg\" data-srcset=\"https:\/\/www.aspel.ma\/wp-content\/uploads\/2019\/02\/1.jpg 785w\" alt=\"\" width=\"785\" height=\"528\"  \/><span class=\"gallery-rollover\"><span class=\"gallery-zoom-ico icon-im-hover-001\"><span><\/span><\/span><\/span><\/a><\/article><article class=\"post visible post-2666 attachment type-attachment status-inherit hentry\"><a href=\"https:\/\/www.aspel.ma\/wp-content\/uploads\/2019\/02\/2.jpg\" class=\"rollover-click-target rollover dt-pswp-item layzr-bg\" title=\"ONA\" data-dt-img-description=\"ONA\"  data-large_image_width=\"785\" data-large_image_height = \"528\" ><img class=\"preload-me owl-lazy-load\" src=\"data:image\/svg+xml,%3Csvg%20xmlns%3D&#39;http%3A%2F%2Fwww.w3.org%2F2000%2Fsvg&#39;%20viewBox%3D&#39;0%200%20785%20528&#39;%2F%3E\" data-src=\"https:\/\/www.aspel.ma\/wp-content\/uploads\/2019\/02\/2.jpg\" data-srcset=\"https:\/\/www.aspel.ma\/wp-content\/uploads\/2019\/02\/2.jpg 785w\" alt=\"\" width=\"785\" height=\"528\"  \/><span class=\"gallery-rollover\"><span class=\"gallery-zoom-ico icon-im-hover-001\"><span><\/span><\/span><\/span><\/a><\/article><article class=\"post visible post-2667 attachment type-attachment status-inherit hentry\"><a href=\"https:\/\/www.aspel.ma\/wp-content\/uploads\/2019\/02\/3.jpg\" class=\"rollover-click-target rollover dt-pswp-item layzr-bg\" title=\"3\" data-dt-img-description=\"\"  data-large_image_width=\"785\" data-large_image_height = \"528\" ><img class=\"preload-me owl-lazy-load\" src=\"data:image\/svg+xml,%3Csvg%20xmlns%3D&#39;http%3A%2F%2Fwww.w3.org%2F2000%2Fsvg&#39;%20viewBox%3D&#39;0%200%20785%20528&#39;%2F%3E\" data-src=\"https:\/\/www.aspel.ma\/wp-content\/uploads\/2019\/02\/3.jpg\" data-srcset=\"https:\/\/www.aspel.ma\/wp-content\/uploads\/2019\/02\/3.jpg 785w\" alt=\"\" width=\"785\" height=\"528\"  \/><span class=\"gallery-rollover\"><span class=\"gallery-zoom-ico icon-im-hover-001\"><span><\/span><\/span><\/span><\/a><\/article><article class=\"post visible post-2668 attachment type-attachment status-inherit hentry\"><a href=\"https:\/\/www.aspel.ma\/wp-content\/uploads\/2019\/02\/4.jpg\" class=\"rollover-click-target rollover dt-pswp-item layzr-bg\" title=\"4\" data-dt-img-description=\"\"  data-large_image_width=\"785\" data-large_image_height = \"528\" ><img class=\"preload-me owl-lazy-load\" src=\"data:image\/svg+xml,%3Csvg%20xmlns%3D&#39;http%3A%2F%2Fwww.w3.org%2F2000%2Fsvg&#39;%20viewBox%3D&#39;0%200%20785%20528&#39;%2F%3E\" data-src=\"https:\/\/www.aspel.ma\/wp-content\/uploads\/2019\/02\/4.jpg\" data-srcset=\"https:\/\/www.aspel.ma\/wp-content\/uploads\/2019\/02\/4.jpg 785w\" alt=\"\" width=\"785\" height=\"528\"  \/><span class=\"gallery-rollover\"><span class=\"gallery-zoom-ico icon-im-hover-001\"><span><\/span><\/span><\/span><\/a><\/article><article class=\"post visible post-2669 attachment type-attachment status-inherit hentry\"><a href=\"https:\/\/www.aspel.ma\/wp-content\/uploads\/2019\/02\/5.jpg\" class=\"rollover-click-target rollover dt-pswp-item layzr-bg\" title=\"5\" data-dt-img-description=\"\"  data-large_image_width=\"785\" data-large_image_height = \"528\" ><img class=\"preload-me owl-lazy-load\" src=\"data:image\/svg+xml,%3Csvg%20xmlns%3D&#39;http%3A%2F%2Fwww.w3.org%2F2000%2Fsvg&#39;%20viewBox%3D&#39;0%200%20785%20528&#39;%2F%3E\" data-src=\"https:\/\/www.aspel.ma\/wp-content\/uploads\/2019\/02\/5.jpg\" data-srcset=\"https:\/\/www.aspel.ma\/wp-content\/uploads\/2019\/02\/5.jpg 785w\" alt=\"\" width=\"785\" height=\"528\"  \/><span class=\"gallery-rollover\"><span class=\"gallery-zoom-ico icon-im-hover-001\"><span><\/span><\/span><\/span><\/a><\/article><article class=\"post visible post-2670 attachment type-attachment status-inherit hentry\"><a href=\"https:\/\/www.aspel.ma\/wp-content\/uploads\/2019\/02\/6-1.jpg\" class=\"rollover-click-target rollover dt-pswp-item layzr-bg\" title=\"6\" data-dt-img-description=\"\"  data-large_image_width=\"785\" data-large_image_height = \"528\" ><img class=\"preload-me owl-lazy-load\" src=\"data:image\/svg+xml,%3Csvg%20xmlns%3D&#39;http%3A%2F%2Fwww.w3.org%2F2000%2Fsvg&#39;%20viewBox%3D&#39;0%200%20785%20528&#39;%2F%3E\" data-src=\"https:\/\/www.aspel.ma\/wp-content\/uploads\/2019\/02\/6-1.jpg\" data-srcset=\"https:\/\/www.aspel.ma\/wp-content\/uploads\/2019\/02\/6-1.jpg 785w\" alt=\"\" width=\"785\" height=\"528\"  \/><span class=\"gallery-rollover\"><span class=\"gallery-zoom-ico icon-im-hover-001\"><span><\/span><\/span><\/span><\/a><\/article><article class=\"post visible post-2671 attachment type-attachment status-inherit hentry\"><a href=\"https:\/\/www.aspel.ma\/wp-content\/uploads\/2019\/02\/7-1.jpg\" class=\"rollover-click-target rollover dt-pswp-item layzr-bg\" title=\"HTTSA\" data-dt-img-description=\"HTTSA\"  data-large_image_width=\"785\" data-large_image_height = \"528\" ><img class=\"preload-me owl-lazy-load\" src=\"data:image\/svg+xml,%3Csvg%20xmlns%3D&#39;http%3A%2F%2Fwww.w3.org%2F2000%2Fsvg&#39;%20viewBox%3D&#39;0%200%20785%20528&#39;%2F%3E\" data-src=\"https:\/\/www.aspel.ma\/wp-content\/uploads\/2019\/02\/7-1.jpg\" data-srcset=\"https:\/\/www.aspel.ma\/wp-content\/uploads\/2019\/02\/7-1.jpg 785w\" alt=\"\" width=\"785\" height=\"528\"  \/><span class=\"gallery-rollover\"><span class=\"gallery-zoom-ico icon-im-hover-001\"><span><\/span><\/span><\/span><\/a><\/article><article class=\"post visible post-2672 attachment type-attachment status-inherit hentry\"><a href=\"https:\/\/www.aspel.ma\/wp-content\/uploads\/2019\/02\/8.jpg\" class=\"rollover-click-target rollover dt-pswp-item layzr-bg\" title=\"SALSAPRINT\" data-dt-img-description=\"SALSAPRINT\"  data-large_image_width=\"785\" data-large_image_height = \"528\" ><img class=\"preload-me owl-lazy-load\" src=\"data:image\/svg+xml,%3Csvg%20xmlns%3D&#39;http%3A%2F%2Fwww.w3.org%2F2000%2Fsvg&#39;%20viewBox%3D&#39;0%200%20785%20528&#39;%2F%3E\" data-src=\"https:\/\/www.aspel.ma\/wp-content\/uploads\/2019\/02\/8.jpg\" data-srcset=\"https:\/\/www.aspel.ma\/wp-content\/uploads\/2019\/02\/8.jpg 785w\" alt=\"\" width=\"785\" height=\"528\"  \/><span class=\"gallery-rollover\"><span class=\"gallery-zoom-ico icon-im-hover-001\"><span><\/span><\/span><\/span><\/a><\/article><article class=\"post visible post-2673 attachment type-attachment status-inherit hentry\"><a href=\"https:\/\/www.aspel.ma\/wp-content\/uploads\/2019\/02\/9.jpg\" class=\"rollover-click-target rollover dt-pswp-item layzr-bg\" title=\"ALAE WELTMARK\" data-dt-img-description=\"ALAE WELTMARK\"  data-large_image_width=\"785\" data-large_image_height = \"528\" ><img class=\"preload-me owl-lazy-load\" src=\"data:image\/svg+xml,%3Csvg%20xmlns%3D&#39;http%3A%2F%2Fwww.w3.org%2F2000%2Fsvg&#39;%20viewBox%3D&#39;0%200%20785%20528&#39;%2F%3E\" data-src=\"https:\/\/www.aspel.ma\/wp-content\/uploads\/2019\/02\/9.jpg\" data-srcset=\"https:\/\/www.aspel.ma\/wp-content\/uploads\/2019\/02\/9.jpg 785w\" alt=\"\" width=\"785\" height=\"528\"  \/><span class=\"gallery-rollover\"><span class=\"gallery-zoom-ico icon-im-hover-001\"><span><\/span><\/span><\/span><\/a><\/article><\/div>[\/vc_column][\/vc_row]<\/p>\n","protected":false},"excerpt":{"rendered":"<p>[vc_row][vc_column][vc_column_text]Con su equipo joven y din\u00e1mico y una experiencia considerable, ASPEL ofrece logros llave en mano o parciales de las instalaciones el\u00e9ctricas de MT \/ BT de acuerdo con las reglas del arte, respetando los est\u00e1ndares nacionales y \/ o internacionales y con una calidad irreprochable. Tambi\u00e9n ofrecemos cualquier tipo de instalaci\u00f3n de baja corriente,&hellip;<\/p>\n","protected":false},"author":1,"featured_media":0,"parent":2202,"menu_order":10,"comment_status":"closed","ping_status":"closed","template":"","meta":[],"yoast_head":"<!-- This site is optimized with the Yoast SEO plugin v19.7.1 - https:\/\/yoast.com\/wordpress\/plugins\/seo\/ -->\n<title>Installaciones Electricas - ASPEL<\/title>\n<meta name=\"robots\" content=\"index, follow, max-snippet:-1, max-image-preview:large, max-video-preview:-1\" \/>\n<link rel=\"canonical\" href=\"http:\/\/www.aspel.ma\/es\/nos-services\/installations-electriques-mtbt\/\" \/>\n<meta property=\"og:locale\" content=\"es_ES\" \/>\n<meta property=\"og:type\" content=\"article\" \/>\n<meta property=\"og:title\" content=\"Installaciones Electricas - ASPEL\" \/>\n<meta property=\"og:description\" content=\"[vc_row][vc_column][vc_column_text]Con su equipo joven y din\u00e1mico y una experiencia considerable, ASPEL ofrece logros llave en mano o parciales de las instalaciones el\u00e9ctricas de MT \/ BT de acuerdo con las reglas del arte, respetando los est\u00e1ndares nacionales y \/ o internacionales y con una calidad irreprochable. Tambi\u00e9n ofrecemos cualquier tipo de instalaci\u00f3n de baja corriente,&hellip;\" \/>\n<meta property=\"og:url\" content=\"http:\/\/www.aspel.ma\/es\/nos-services\/installations-electriques-mtbt\/\" \/>\n<meta property=\"og:site_name\" content=\"ASPEL\" \/>\n<meta property=\"article:modified_time\" content=\"2019-04-22T11:02:49+00:00\" \/>\n<meta name=\"twitter:card\" content=\"summary_large_image\" \/>\n<meta name=\"twitter:label1\" content=\"Tiempo de lectura\" \/>\n\t<meta name=\"twitter:data1\" content=\"1 minuto\" \/>\n<script type=\"application\/ld+json\" class=\"yoast-schema-graph\">{\"@context\":\"https:\/\/schema.org\",\"@graph\":[{\"@type\":\"WebPage\",\"@id\":\"http:\/\/www.aspel.ma\/es\/nos-services\/installations-electriques-mtbt\/\",\"url\":\"http:\/\/www.aspel.ma\/es\/nos-services\/installations-electriques-mtbt\/\",\"name\":\"Installaciones Electricas - ASPEL\",\"isPartOf\":{\"@id\":\"http:\/\/www.aspel.ma\/#website\"},\"datePublished\":\"2019-02-05T13:49:28+00:00\",\"dateModified\":\"2019-04-22T11:02:49+00:00\",\"breadcrumb\":{\"@id\":\"http:\/\/www.aspel.ma\/es\/nos-services\/installations-electriques-mtbt\/#breadcrumb\"},\"inLanguage\":\"es\",\"potentialAction\":[{\"@type\":\"ReadAction\",\"target\":[\"http:\/\/www.aspel.ma\/es\/nos-services\/installations-electriques-mtbt\/\"]}]},{\"@type\":\"BreadcrumbList\",\"@id\":\"http:\/\/www.aspel.ma\/es\/nos-services\/installations-electriques-mtbt\/#breadcrumb\",\"itemListElement\":[{\"@type\":\"ListItem\",\"position\":1,\"name\":\"Accueil\",\"item\":\"http:\/\/www.aspel.ma\/es\/\"},{\"@type\":\"ListItem\",\"position\":2,\"name\":\"Nuestros Servicios\",\"item\":\"http:\/\/www.aspel.ma\/es\/nos-services\/\"},{\"@type\":\"ListItem\",\"position\":3,\"name\":\"Installaciones Electricas\"}]},{\"@type\":\"WebSite\",\"@id\":\"http:\/\/www.aspel.ma\/#website\",\"url\":\"http:\/\/www.aspel.ma\/\",\"name\":\"ASPEL\",\"description\":\"installations et maintenance \u00e9lectriques\",\"publisher\":{\"@id\":\"http:\/\/www.aspel.ma\/#organization\"},\"potentialAction\":[{\"@type\":\"SearchAction\",\"target\":{\"@type\":\"EntryPoint\",\"urlTemplate\":\"http:\/\/www.aspel.ma\/?s={search_term_string}\"},\"query-input\":\"required name=search_term_string\"}],\"inLanguage\":\"es\"},{\"@type\":\"Organization\",\"@id\":\"http:\/\/www.aspel.ma\/#organization\",\"name\":\"ASPEL\",\"url\":\"http:\/\/www.aspel.ma\/\",\"sameAs\":[],\"logo\":{\"@type\":\"ImageObject\",\"inLanguage\":\"es\",\"@id\":\"http:\/\/www.aspel.ma\/#\/schema\/logo\/image\/\",\"url\":\"http:\/\/www.aspel.ma\/wp-content\/uploads\/2019\/02\/logo.png\",\"contentUrl\":\"http:\/\/www.aspel.ma\/wp-content\/uploads\/2019\/02\/logo.png\",\"width\":207,\"height\":68,\"caption\":\"ASPEL\"},\"image\":{\"@id\":\"http:\/\/www.aspel.ma\/#\/schema\/logo\/image\/\"}}]}<\/script>\n<!-- \/ Yoast SEO plugin. -->","yoast_head_json":{"title":"Installaciones Electricas - ASPEL","robots":{"index":"index","follow":"follow","max-snippet":"max-snippet:-1","max-image-preview":"max-image-preview:large","max-video-preview":"max-video-preview:-1"},"canonical":"http:\/\/www.aspel.ma\/es\/nos-services\/installations-electriques-mtbt\/","og_locale":"es_ES","og_type":"article","og_title":"Installaciones Electricas - ASPEL","og_description":"[vc_row][vc_column][vc_column_text]Con su equipo joven y din\u00e1mico y una experiencia considerable, ASPEL ofrece logros llave en mano o parciales de las instalaciones el\u00e9ctricas de MT \/ BT de acuerdo con las reglas del arte, respetando los est\u00e1ndares nacionales y \/ o internacionales y con una calidad irreprochable. Tambi\u00e9n ofrecemos cualquier tipo de instalaci\u00f3n de baja corriente,&hellip;","og_url":"http:\/\/www.aspel.ma\/es\/nos-services\/installations-electriques-mtbt\/","og_site_name":"ASPEL","article_modified_time":"2019-04-22T11:02:49+00:00","twitter_card":"summary_large_image","twitter_misc":{"Tiempo de lectura":"1 minuto"},"schema":{"@context":"https:\/\/schema.org","@graph":[{"@type":"WebPage","@id":"http:\/\/www.aspel.ma\/es\/nos-services\/installations-electriques-mtbt\/","url":"http:\/\/www.aspel.ma\/es\/nos-services\/installations-electriques-mtbt\/","name":"Installaciones Electricas - ASPEL","isPartOf":{"@id":"http:\/\/www.aspel.ma\/#website"},"datePublished":"2019-02-05T13:49:28+00:00","dateModified":"2019-04-22T11:02:49+00:00","breadcrumb":{"@id":"http:\/\/www.aspel.ma\/es\/nos-services\/installations-electriques-mtbt\/#breadcrumb"},"inLanguage":"es","potentialAction":[{"@type":"ReadAction","target":["http:\/\/www.aspel.ma\/es\/nos-services\/installations-electriques-mtbt\/"]}]},{"@type":"BreadcrumbList","@id":"http:\/\/www.aspel.ma\/es\/nos-services\/installations-electriques-mtbt\/#breadcrumb","itemListElement":[{"@type":"ListItem","position":1,"name":"Accueil","item":"http:\/\/www.aspel.ma\/es\/"},{"@type":"ListItem","position":2,"name":"Nuestros Servicios","item":"http:\/\/www.aspel.ma\/es\/nos-services\/"},{"@type":"ListItem","position":3,"name":"Installaciones Electricas"}]},{"@type":"WebSite","@id":"http:\/\/www.aspel.ma\/#website","url":"http:\/\/www.aspel.ma\/","name":"ASPEL","description":"installations et maintenance \u00e9lectriques","publisher":{"@id":"http:\/\/www.aspel.ma\/#organization"},"potentialAction":[{"@type":"SearchAction","target":{"@type":"EntryPoint","urlTemplate":"http:\/\/www.aspel.ma\/?s={search_term_string}"},"query-input":"required name=search_term_string"}],"inLanguage":"es"},{"@type":"Organization","@id":"http:\/\/www.aspel.ma\/#organization","name":"ASPEL","url":"http:\/\/www.aspel.ma\/","sameAs":[],"logo":{"@type":"ImageObject","inLanguage":"es","@id":"http:\/\/www.aspel.ma\/#\/schema\/logo\/image\/","url":"http:\/\/www.aspel.ma\/wp-content\/uploads\/2019\/02\/logo.png","contentUrl":"http:\/\/www.aspel.ma\/wp-content\/uploads\/2019\/02\/logo.png","width":207,"height":68,"caption":"ASPEL"},"image":{"@id":"http:\/\/www.aspel.ma\/#\/schema\/logo\/image\/"}}]}},"_links":{"self":[{"href":"https:\/\/www.aspel.ma\/es\/wp-json\/wp\/v2\/pages\/2219"}],"collection":[{"href":"https:\/\/www.aspel.ma\/es\/wp-json\/wp\/v2\/pages"}],"about":[{"href":"https:\/\/www.aspel.ma\/es\/wp-json\/wp\/v2\/types\/page"}],"author":[{"embeddable":true,"href":"https:\/\/www.aspel.ma\/es\/wp-json\/wp\/v2\/users\/1"}],"replies":[{"embeddable":true,"href":"https:\/\/www.aspel.ma\/es\/wp-json\/wp\/v2\/comments?post=2219"}],"version-history":[{"count":3,"href":"https:\/\/www.aspel.ma\/es\/wp-json\/wp\/v2\/pages\/2219\/revisions"}],"predecessor-version":[{"id":2885,"href":"https:\/\/www.aspel.ma\/es\/wp-json\/wp\/v2\/pages\/2219\/revisions\/2885"}],"up":[{"embeddable":true,"href":"https:\/\/www.aspel.ma\/es\/wp-json\/wp\/v2\/pages\/2202"}],"wp:attachment":[{"href":"https:\/\/www.aspel.ma\/es\/wp-json\/wp\/v2\/media?parent=2219"}],"curies":[{"name":"wp","href":"https:\/\/api.w.org\/{rel}","templated":true}]}}