{"id":2223,"date":"2019-02-05T17:14:49","date_gmt":"2019-02-05T17:14:49","guid":{"rendered":"http:\/\/www.aspel.ma\/nos-services\/nettoyage-cryogenique\/"},"modified":"2019-04-02T14:11:17","modified_gmt":"2019-04-02T14:11:17","slug":"nettoyage-cryogenique","status":"publish","type":"page","link":"http:\/\/www.aspel.ma\/es\/nos-services\/nettoyage-cryogenique\/","title":{"rendered":"Limpieza Criog\u00e9nica"},"content":{"rendered":"<p>[vc_row][vc_column][vc_column_text]<strong>La limpieza criog\u00e9nica<\/strong> esta finalmente en Marruecos, es un proceso revolucionario de limpieza con hielo seco (CO2) que puede limpiar cualquier tipo de suciedad de cualquier tipo de suporte (incluso los armarios bajo tensi\u00f3n) sin ning\u00fan tipo de productos qu\u00edmicos o abrasivos.<\/p>\n<p>En asociaci\u00f3n con \u201cCRYONOMIC\u201d en Belgica, nuestra experiencia se enriquece cada d\u00eda con nuevos procesos y nuevos desaf\u00edos.<\/p>\n<p><strong><em>La limpieza criog\u00e9nica<\/em><\/strong> es benifica para industrias como:<\/p>\n<p>Aeroespacial, Alimentaci\u00f3n, Automoci\u00f3n, Naval, caucho, productos qu\u00edmicos, cosm\u00e9ticos, productos de fundici\u00f3n, impresi\u00f3n \u00f3ptica, Monumento, Biom\u00e9dica, cemento, energ\u00eda, papeler\u00eda, pl\u00e1sticos, Nuclear\u2026.. etc.<\/p>\n<p>Para m\u00e1s detalles, no dude en visitar nuestro sitio web dedicado a la <strong><em>limpieza criog\u00e9nica<\/em><\/strong> www.aspelcryo.ma, estamos cubriendo m\u00e1s detalles en profundidad sobre el proceso exacto y diversos usos de la industria y diferentes escenarios de casos de uso.<\/p>\n<p>Aqu\u00ed hay algunas operaciones de <strong><em>limpieza criog\u00e9nica<\/em><\/strong> realizadas por nuestras m\u00e1quinas.[\/vc_column_text][\/vc_column][\/vc_row][vc_row margin_bottom=\u00bb20px\u00bb][vc_column width=\u00bb1\/2&#8243;]<div class=\"shortcode-single-image-wrap alignnone shortcode-single-video \" style=\"margin-top:0px; margin-bottom:0px; margin-left:0px; margin-right:0px; width:500px;\"><div class=\"shortcode-single-image\"><div class=\"fancy-media-wrap\" style=\"\"><iframe width=\"500\" height=\"375\" src=\"https:\/\/www.youtube.com\/embed\/x95ogaOkMVg?feature=oembed\" frameborder=\"0\" allow=\"accelerometer; autoplay; encrypted-media; gyroscope; picture-in-picture\" allowfullscreen><\/iframe><\/div><\/div><\/div>[\/vc_column][vc_column width=\u00bb1\/2&#8243;]<div class=\"shortcode-single-image-wrap alignnone shortcode-single-video \" style=\"margin-top:0px; margin-bottom:0px; margin-left:0px; margin-right:0px; width:500px;\"><div class=\"shortcode-single-image\"><div class=\"fancy-media-wrap\" style=\"\"><iframe width=\"500\" height=\"375\" src=\"https:\/\/www.youtube.com\/embed\/nbBmtogm7cs?feature=oembed\" frameborder=\"0\" allow=\"accelerometer; autoplay; encrypted-media; gyroscope; picture-in-picture\" allowfullscreen><\/iframe><\/div><\/div><\/div>[\/vc_column][\/vc_row][vc_row margin_bottom=\u00bb20px\u00bb css=\u00bb.vc_custom_1549723567185{margin-bottom: 20px !important;}\u00bb][vc_column width=\u00bb1\/3&#8243;]<div class=\"shortcode-single-image-wrap alignnone shortcode-single-video \" style=\"margin-top:0px; margin-bottom:0px; margin-left:0px; margin-right:0px; width:500px;\"><div class=\"shortcode-single-image\"><div class=\"fancy-media-wrap\" style=\"\"><iframe width=\"500\" height=\"375\" src=\"https:\/\/www.youtube.com\/embed\/FwzCQIVNZgQ?feature=oembed\" frameborder=\"0\" allow=\"accelerometer; autoplay; encrypted-media; gyroscope; picture-in-picture\" allowfullscreen><\/iframe><\/div><\/div><\/div>[\/vc_column][vc_column width=\u00bb1\/3&#8243;]<div class=\"shortcode-single-image-wrap alignnone shortcode-single-video \" style=\"margin-top:0px; margin-bottom:0px; margin-left:0px; margin-right:0px; width:500px;\"><div class=\"shortcode-single-image\"><div class=\"fancy-media-wrap\" style=\"\"><iframe width=\"500\" height=\"375\" src=\"https:\/\/www.youtube.com\/embed\/nNM5VgS7qLM?feature=oembed\" frameborder=\"0\" allow=\"accelerometer; autoplay; encrypted-media; gyroscope; picture-in-picture\" allowfullscreen><\/iframe><\/div><\/div><\/div>[\/vc_column][vc_column width=\u00bb1\/3&#8243;]<div class=\"shortcode-single-image-wrap alignnone shortcode-single-video \" style=\"margin-top:0px; margin-bottom:0px; margin-left:0px; margin-right:0px; width:500px;\"><div class=\"shortcode-single-image\"><div class=\"fancy-media-wrap\" style=\"\"><iframe width=\"500\" height=\"375\" src=\"https:\/\/www.youtube.com\/embed\/R5lMS7Sh5bA?feature=oembed\" frameborder=\"0\" allow=\"accelerometer; autoplay; encrypted-media; gyroscope; picture-in-picture\" allowfullscreen><\/iframe><\/div><\/div><\/div>[\/vc_column][\/vc_row][vc_row margin_bottom=\u00bb20px\u00bb][vc_column width=\u00bb1\/3&#8243;]<div class=\"shortcode-single-image-wrap alignnone shortcode-single-video \" style=\"margin-top:0px; margin-bottom:0px; margin-left:0px; margin-right:0px; width:500px;\"><div class=\"shortcode-single-image\"><div class=\"fancy-media-wrap\" style=\"\"><iframe width=\"500\" height=\"375\" src=\"https:\/\/www.youtube.com\/embed\/nNM5VgS7qLM?feature=oembed\" frameborder=\"0\" allow=\"accelerometer; autoplay; encrypted-media; gyroscope; picture-in-picture\" allowfullscreen><\/iframe><\/div><\/div><\/div>[\/vc_column][vc_column width=\u00bb1\/3&#8243;]<div class=\"shortcode-single-image-wrap alignnone shortcode-single-video \" style=\"margin-top:0px; margin-bottom:0px; margin-left:0px; margin-right:0px; width:500px;\"><div class=\"shortcode-single-image\"><div class=\"fancy-media-wrap\" style=\"\"><iframe width=\"500\" height=\"375\" src=\"https:\/\/www.youtube.com\/embed\/-su6osYJLVY?feature=oembed\" frameborder=\"0\" allow=\"accelerometer; autoplay; encrypted-media; gyroscope; picture-in-picture\" allowfullscreen><\/iframe><\/div><\/div><\/div>[\/vc_column][vc_column width=\u00bb1\/3&#8243;]<div class=\"shortcode-single-image-wrap alignnone shortcode-single-video \" style=\"margin-top:0px; margin-bottom:0px; margin-left:0px; margin-right:0px; width:500px;\"><div class=\"shortcode-single-image\"><div class=\"fancy-media-wrap\" style=\"\"><iframe width=\"500\" height=\"375\" src=\"https:\/\/www.youtube.com\/embed\/1jw6cRR0K_A?feature=oembed\" frameborder=\"0\" allow=\"accelerometer; autoplay; encrypted-media; gyroscope; picture-in-picture\" allowfullscreen><\/iframe><\/div><\/div><\/div>[\/vc_column][\/vc_row][vc_row][vc_column]<style type=\"text\/css\" data-type=\"the7_shortcodes-inline-css\">.photos-carousel-shortcode-id-1bb6095be193e9fe09e3faac91be75d5 .owl-nav a {\n  width: 0px;\n  height: 0px;\n  border-radius: 0px;\n}\n.dt-arrow-border-on.photos-carousel-shortcode-id-1bb6095be193e9fe09e3faac91be75d5 .owl-nav a:not(:hover):before {\n  border-width: 0px;\n}\n.dt-arrow-hover-border-on.photos-carousel-shortcode-id-1bb6095be193e9fe09e3faac91be75d5 .owl-nav a:hover:after {\n  border-width: 0px;\n}\n.photos-carousel-shortcode-id-1bb6095be193e9fe09e3faac91be75d5 .owl-nav a.owl-prev {\n  top: 50%;\n  transform: translateY(calc(-50% + 0px));\n  left: 20px;\n}\n@media all and (-ms-high-contrast: none) {\n  .photos-carousel-shortcode-id-1bb6095be193e9fe09e3faac91be75d5 .owl-nav a.owl-prev {\n    transform: translateY(-50%);\n    margin-top: 0px;\n  }\n}\n.photos-carousel-shortcode-id-1bb6095be193e9fe09e3faac91be75d5 .owl-nav a.owl-prev i {\n  padding: 0px 0px 0px 0px;\n}\n.photos-carousel-shortcode-id-1bb6095be193e9fe09e3faac91be75d5 .owl-nav a.owl-next {\n  top: 50%;\n  transform: translateY(calc(-50% + 0px));\n  right: 20px;\n}\n@media all and (-ms-high-contrast: none) {\n  .photos-carousel-shortcode-id-1bb6095be193e9fe09e3faac91be75d5 .owl-nav a.owl-next {\n    transform: translateY(-50%);\n    margin-top: 0px;\n  }\n}\n.photos-carousel-shortcode-id-1bb6095be193e9fe09e3faac91be75d5 .owl-nav a.owl-next i {\n  padding: 0px 0px 0px 0px;\n}\n.photos-carousel-shortcode-id-1bb6095be193e9fe09e3faac91be75d5 .owl-nav i {\n  font-size: 35px;\n}\n.photos-carousel-shortcode-id-1bb6095be193e9fe09e3faac91be75d5 .owl-nav a:not(:hover) i,\n.photos-carousel-shortcode-id-1bb6095be193e9fe09e3faac91be75d5 .owl-nav a:not(:hover) i:before {\n  color: #ed2024;\n  background: none;\n}\n.photos-carousel-shortcode-id-1bb6095be193e9fe09e3faac91be75d5 .owl-nav a:hover i,\n.photos-carousel-shortcode-id-1bb6095be193e9fe09e3faac91be75d5 .owl-nav a:hover i:before {\n  color: rgba(224,224,224,0.75);\n  background: none;\n}\n.photos-carousel-shortcode-id-1bb6095be193e9fe09e3faac91be75d5 .owl-dots {\n  top: calc(100% + 20px);\n  left: 50%;\n  transform: translateX(calc(-50% + 0px));\n}\n@media all and (-ms-high-contrast: none) {\n  .photos-carousel-shortcode-id-1bb6095be193e9fe09e3faac91be75d5 .owl-dots {\n    transform: translateX(-50%);\n    margin-left: 0px;\n  }\n}\n.photos-carousel-shortcode-id-1bb6095be193e9fe09e3faac91be75d5 .owl-dot {\n  width: 10px;\n  height: 10px;\n  margin: 0 8px;\n}\n.bullets-ubax.photos-carousel-shortcode-id-1bb6095be193e9fe09e3faac91be75d5 .owl-dot.active span {\n  border-color: ;\n}\n@media screen and (max-width: 778px) {\n  .photos-carousel-shortcode-id-1bb6095be193e9fe09e3faac91be75d5.hide-arrows .owl-nav a {\n    display: none;\n  }\n}\n@media screen and (max-width: 778px) {\n  .photos-carousel-shortcode-id-1bb6095be193e9fe09e3faac91be75d5.reposition-arrows .owl-nav .owl-prev {\n    top: 50%;\n    transform: translateY(calc(-50% + 0px));\n    left: 10px;\n  }\n  .photos-carousel-shortcode-id-1bb6095be193e9fe09e3faac91be75d5.reposition-arrows .owl-nav .owl-next {\n    top: 50%;\n    transform: translateY(calc(-50% + 0px));\n    right: 10px;\n  }\n}\n@media screen and (max-width: 778px) and all and (-ms-high-contrast: none) {\n  .photos-carousel-shortcode-id-1bb6095be193e9fe09e3faac91be75d5.reposition-arrows .owl-nav .owl-prev {\n    transform: translateY(-50%);\n    margin-top: 0px;\n  }\n}\n@media screen and (max-width: 778px) and all and (-ms-high-contrast: none) {\n  .photos-carousel-shortcode-id-1bb6095be193e9fe09e3faac91be75d5.reposition-arrows .owl-nav .owl-next {\n    transform: translateY(-50%);\n    margin-top: 0px;\n  }\n}\n.photos-carousel-shortcode-id-1bb6095be193e9fe09e3faac91be75d5 figure,\n.photos-carousel-shortcode-id-1bb6095be193e9fe09e3faac91be75d5 .rollover,\n.photos-carousel-shortcode-id-1bb6095be193e9fe09e3faac91be75d5 img,\n.photos-carousel-shortcode-id-1bb6095be193e9fe09e3faac91be75d5 .gallery-rollover {\n  border-radius: 0px;\n}\n.photos-carousel-shortcode-id-1bb6095be193e9fe09e3faac91be75d5.enable-bg-rollover .gallery-rollover {\n  background: ;\n  background: -webkit-linear-gradient();\n  background: linear-gradient();\n}\n.photos-carousel-shortcode-id-1bb6095be193e9fe09e3faac91be75d5.enable-bg-rollover.hover-scale .rollover:after {\n  background: ;\n  background: -webkit-linear-gradient();\n  background: linear-gradient();\n}\n.photos-carousel-shortcode-id-1bb6095be193e9fe09e3faac91be75d5.enable-img-shadow .rollover {\n  box-shadow: \"\";\n}\n.photos-carousel-shortcode-id-1bb6095be193e9fe09e3faac91be75d5.enable-img-shadow .owl-stage-outer {\n  padding: 4px 0;\n}\n.photos-carousel-shortcode-id-1bb6095be193e9fe09e3faac91be75d5.gallery-shortcode .gallery-zoom-ico {\n  width: 44px;\n  height: 44px;\n  line-height: 44px;\n  border-radius: 100px;\n  margin: -22px 0 0 -22px;\n  border-width: 0px;\n}\n.dt-icon-bg-on.photos-carousel-shortcode-id-1bb6095be193e9fe09e3faac91be75d5.gallery-shortcode .gallery-zoom-ico {\n  background: rgba(255,255,255,0.3);\n  -webkit-box-shadow: none;\n  box-shadow: none;\n}\n.photos-carousel-shortcode-id-1bb6095be193e9fe09e3faac91be75d5.gallery-shortcode .gallery-zoom-ico > span:before {\n  font-size: 32px;\n  line-height: 44px;\n}\n.photos-carousel-shortcode-id-1bb6095be193e9fe09e3faac91be75d5.gallery-shortcode .gallery-zoom-ico > span {\n  color: #ffffff;\n  background: none;\n}\n<\/style><div class=\"owl-carousel gallery-carousel-shortcode gallery-shortcode dt-gallery-container album-gallery-shortcode dt-owl-carousel-call photos-carousel-shortcode-id-1bb6095be193e9fe09e3faac91be75d5 quick-scale-img enable-bg-rollover meta-info-off bullets-small-dot-stroke reposition-arrows dt-icon-bg-off arrows-bg-off dt-arrow-hover-border-on disable-arrows-hover-bg arrows-hover-bg-on  hover-fade \" data-scroll-mode=\"1\" data-col-num=\"1\" data-wide-col-num=\"1\" data-laptop-col=\"1\" data-h-tablet-columns-num=\"1\" data-v-tablet-columns-num=\"1\" data-phone-columns-num=\"1\" data-col-gap=\"0\" data-speed=\"2000\" data-autoplay=\"true\" data-autoplay_speed=\"4000\" data-arrows=\"true\" data-bullet=\"false\" data-next-icon=\"icon-ar-017-r\" data-prev-icon=\"icon-ar-017-l\" data-img-shadow-size=\"12px\" data-img-shadow-spread=\"3px\"><\/div>[\/vc_column][\/vc_row]<\/p>\n","protected":false},"excerpt":{"rendered":"<p>[vc_row][vc_column][vc_column_text]La limpieza criog\u00e9nica esta finalmente en Marruecos, es un proceso revolucionario de limpieza con hielo seco (CO2) que puede limpiar cualquier tipo de suciedad de cualquier tipo de suporte (incluso los armarios bajo tensi\u00f3n) sin ning\u00fan tipo de productos qu\u00edmicos o abrasivos. En asociaci\u00f3n con \u201cCRYONOMIC\u201d en Belgica, nuestra experiencia se enriquece cada d\u00eda con&hellip;<\/p>\n","protected":false},"author":1,"featured_media":0,"parent":2202,"menu_order":10,"comment_status":"closed","ping_status":"closed","template":"","meta":[],"yoast_head":"<!-- This site is optimized with the Yoast SEO plugin v19.7.1 - https:\/\/yoast.com\/wordpress\/plugins\/seo\/ -->\n<title>Limpieza Criog\u00e9nica - ASPEL<\/title>\n<meta name=\"robots\" content=\"index, follow, max-snippet:-1, max-image-preview:large, max-video-preview:-1\" \/>\n<link rel=\"canonical\" href=\"https:\/\/www.aspel.ma\/es\/nos-services\/nettoyage-cryogenique\/\" \/>\n<meta property=\"og:locale\" content=\"es_ES\" \/>\n<meta property=\"og:type\" content=\"article\" \/>\n<meta property=\"og:title\" content=\"Limpieza Criog\u00e9nica - ASPEL\" \/>\n<meta property=\"og:description\" content=\"[vc_row][vc_column][vc_column_text]La limpieza criog\u00e9nica esta finalmente en Marruecos, es un proceso revolucionario de limpieza con hielo seco (CO2) que puede limpiar cualquier tipo de suciedad de cualquier tipo de suporte (incluso los armarios bajo tensi\u00f3n) sin ning\u00fan tipo de productos qu\u00edmicos o abrasivos. En asociaci\u00f3n con \u201cCRYONOMIC\u201d en Belgica, nuestra experiencia se enriquece cada d\u00eda con&hellip;\" \/>\n<meta property=\"og:url\" content=\"https:\/\/www.aspel.ma\/es\/nos-services\/nettoyage-cryogenique\/\" \/>\n<meta property=\"og:site_name\" content=\"ASPEL\" \/>\n<meta property=\"article:modified_time\" content=\"2019-04-02T14:11:17+00:00\" \/>\n<meta name=\"twitter:card\" content=\"summary_large_image\" \/>\n<meta name=\"twitter:label1\" content=\"Tiempo de lectura\" \/>\n\t<meta name=\"twitter:data1\" content=\"3 minutos\" \/>\n<script type=\"application\/ld+json\" class=\"yoast-schema-graph\">{\"@context\":\"https:\/\/schema.org\",\"@graph\":[{\"@type\":\"WebPage\",\"@id\":\"https:\/\/www.aspel.ma\/es\/nos-services\/nettoyage-cryogenique\/\",\"url\":\"https:\/\/www.aspel.ma\/es\/nos-services\/nettoyage-cryogenique\/\",\"name\":\"Limpieza Criog\u00e9nica - ASPEL\",\"isPartOf\":{\"@id\":\"http:\/\/www.aspel.ma\/#website\"},\"datePublished\":\"2019-02-05T17:14:49+00:00\",\"dateModified\":\"2019-04-02T14:11:17+00:00\",\"breadcrumb\":{\"@id\":\"https:\/\/www.aspel.ma\/es\/nos-services\/nettoyage-cryogenique\/#breadcrumb\"},\"inLanguage\":\"es\",\"potentialAction\":[{\"@type\":\"ReadAction\",\"target\":[\"https:\/\/www.aspel.ma\/es\/nos-services\/nettoyage-cryogenique\/\"]}]},{\"@type\":\"BreadcrumbList\",\"@id\":\"https:\/\/www.aspel.ma\/es\/nos-services\/nettoyage-cryogenique\/#breadcrumb\",\"itemListElement\":[{\"@type\":\"ListItem\",\"position\":1,\"name\":\"Accueil\",\"item\":\"http:\/\/www.aspel.ma\/es\/\"},{\"@type\":\"ListItem\",\"position\":2,\"name\":\"Nuestros Servicios\",\"item\":\"http:\/\/www.aspel.ma\/es\/nos-services\/\"},{\"@type\":\"ListItem\",\"position\":3,\"name\":\"Limpieza Criog\u00e9nica\"}]},{\"@type\":\"WebSite\",\"@id\":\"http:\/\/www.aspel.ma\/#website\",\"url\":\"http:\/\/www.aspel.ma\/\",\"name\":\"ASPEL\",\"description\":\"installations et maintenance \u00e9lectriques\",\"publisher\":{\"@id\":\"http:\/\/www.aspel.ma\/#organization\"},\"potentialAction\":[{\"@type\":\"SearchAction\",\"target\":{\"@type\":\"EntryPoint\",\"urlTemplate\":\"http:\/\/www.aspel.ma\/?s={search_term_string}\"},\"query-input\":\"required name=search_term_string\"}],\"inLanguage\":\"es\"},{\"@type\":\"Organization\",\"@id\":\"http:\/\/www.aspel.ma\/#organization\",\"name\":\"ASPEL\",\"url\":\"http:\/\/www.aspel.ma\/\",\"sameAs\":[],\"logo\":{\"@type\":\"ImageObject\",\"inLanguage\":\"es\",\"@id\":\"http:\/\/www.aspel.ma\/#\/schema\/logo\/image\/\",\"url\":\"http:\/\/www.aspel.ma\/wp-content\/uploads\/2019\/02\/logo.png\",\"contentUrl\":\"http:\/\/www.aspel.ma\/wp-content\/uploads\/2019\/02\/logo.png\",\"width\":207,\"height\":68,\"caption\":\"ASPEL\"},\"image\":{\"@id\":\"http:\/\/www.aspel.ma\/#\/schema\/logo\/image\/\"}}]}<\/script>\n<!-- \/ Yoast SEO plugin. -->","yoast_head_json":{"title":"Limpieza Criog\u00e9nica - ASPEL","robots":{"index":"index","follow":"follow","max-snippet":"max-snippet:-1","max-image-preview":"max-image-preview:large","max-video-preview":"max-video-preview:-1"},"canonical":"https:\/\/www.aspel.ma\/es\/nos-services\/nettoyage-cryogenique\/","og_locale":"es_ES","og_type":"article","og_title":"Limpieza Criog\u00e9nica - ASPEL","og_description":"[vc_row][vc_column][vc_column_text]La limpieza criog\u00e9nica esta finalmente en Marruecos, es un proceso revolucionario de limpieza con hielo seco (CO2) que puede limpiar cualquier tipo de suciedad de cualquier tipo de suporte (incluso los armarios bajo tensi\u00f3n) sin ning\u00fan tipo de productos qu\u00edmicos o abrasivos. En asociaci\u00f3n con \u201cCRYONOMIC\u201d en Belgica, nuestra experiencia se enriquece cada d\u00eda con&hellip;","og_url":"https:\/\/www.aspel.ma\/es\/nos-services\/nettoyage-cryogenique\/","og_site_name":"ASPEL","article_modified_time":"2019-04-02T14:11:17+00:00","twitter_card":"summary_large_image","twitter_misc":{"Tiempo de lectura":"3 minutos"},"schema":{"@context":"https:\/\/schema.org","@graph":[{"@type":"WebPage","@id":"https:\/\/www.aspel.ma\/es\/nos-services\/nettoyage-cryogenique\/","url":"https:\/\/www.aspel.ma\/es\/nos-services\/nettoyage-cryogenique\/","name":"Limpieza Criog\u00e9nica - ASPEL","isPartOf":{"@id":"http:\/\/www.aspel.ma\/#website"},"datePublished":"2019-02-05T17:14:49+00:00","dateModified":"2019-04-02T14:11:17+00:00","breadcrumb":{"@id":"https:\/\/www.aspel.ma\/es\/nos-services\/nettoyage-cryogenique\/#breadcrumb"},"inLanguage":"es","potentialAction":[{"@type":"ReadAction","target":["https:\/\/www.aspel.ma\/es\/nos-services\/nettoyage-cryogenique\/"]}]},{"@type":"BreadcrumbList","@id":"https:\/\/www.aspel.ma\/es\/nos-services\/nettoyage-cryogenique\/#breadcrumb","itemListElement":[{"@type":"ListItem","position":1,"name":"Accueil","item":"http:\/\/www.aspel.ma\/es\/"},{"@type":"ListItem","position":2,"name":"Nuestros Servicios","item":"http:\/\/www.aspel.ma\/es\/nos-services\/"},{"@type":"ListItem","position":3,"name":"Limpieza Criog\u00e9nica"}]},{"@type":"WebSite","@id":"http:\/\/www.aspel.ma\/#website","url":"http:\/\/www.aspel.ma\/","name":"ASPEL","description":"installations et maintenance \u00e9lectriques","publisher":{"@id":"http:\/\/www.aspel.ma\/#organization"},"potentialAction":[{"@type":"SearchAction","target":{"@type":"EntryPoint","urlTemplate":"http:\/\/www.aspel.ma\/?s={search_term_string}"},"query-input":"required name=search_term_string"}],"inLanguage":"es"},{"@type":"Organization","@id":"http:\/\/www.aspel.ma\/#organization","name":"ASPEL","url":"http:\/\/www.aspel.ma\/","sameAs":[],"logo":{"@type":"ImageObject","inLanguage":"es","@id":"http:\/\/www.aspel.ma\/#\/schema\/logo\/image\/","url":"http:\/\/www.aspel.ma\/wp-content\/uploads\/2019\/02\/logo.png","contentUrl":"http:\/\/www.aspel.ma\/wp-content\/uploads\/2019\/02\/logo.png","width":207,"height":68,"caption":"ASPEL"},"image":{"@id":"http:\/\/www.aspel.ma\/#\/schema\/logo\/image\/"}}]}},"_links":{"self":[{"href":"http:\/\/www.aspel.ma\/es\/wp-json\/wp\/v2\/pages\/2223"}],"collection":[{"href":"http:\/\/www.aspel.ma\/es\/wp-json\/wp\/v2\/pages"}],"about":[{"href":"http:\/\/www.aspel.ma\/es\/wp-json\/wp\/v2\/types\/page"}],"author":[{"embeddable":true,"href":"http:\/\/www.aspel.ma\/es\/wp-json\/wp\/v2\/users\/1"}],"replies":[{"embeddable":true,"href":"http:\/\/www.aspel.ma\/es\/wp-json\/wp\/v2\/comments?post=2223"}],"version-history":[{"count":6,"href":"http:\/\/www.aspel.ma\/es\/wp-json\/wp\/v2\/pages\/2223\/revisions"}],"predecessor-version":[{"id":2866,"href":"http:\/\/www.aspel.ma\/es\/wp-json\/wp\/v2\/pages\/2223\/revisions\/2866"}],"up":[{"embeddable":true,"href":"http:\/\/www.aspel.ma\/es\/wp-json\/wp\/v2\/pages\/2202"}],"wp:attachment":[{"href":"http:\/\/www.aspel.ma\/es\/wp-json\/wp\/v2\/media?parent=2223"}],"curies":[{"name":"wp","href":"https:\/\/api.w.org\/{rel}","templated":true}]}}